{"id":845,"date":"2016-06-07T23:57:55","date_gmt":"2016-06-07T21:57:55","guid":{"rendered":"https:\/\/jnawork.com\/contact\/"},"modified":"2025-09-12T13:43:19","modified_gmt":"2025-09-12T11:43:19","slug":"contact","status":"publish","type":"page","link":"https:\/\/jnawork.com\/en\/contact\/","title":{"rendered":"Contact"},"content":{"rendered":"<div class=\"wpb-content-wrapper\"><p>[vc_row content_placement=&#8221;top&#8221; type=&#8221;vc_default&#8221; css=&#8221;.vc_custom_1474212713065{margin-top: -20px !important;padding-bottom: 30px !important;}&#8221;][vc_column css_animation=&#8221;left-to-right&#8221; width=&#8221;1\/2&#8243; offset=&#8221;vc_col-lg-4 vc_col-md-4&#8243;]<div class=\"aio-icon-component  vc_custom_1746542020884   style_1\"><div id=\"Info-box-wrap-4235\" class=\"aio-icon-box left-icon\" style=\"\"  ><div class=\"aio-icon-left\"><div class=\"ult-just-icon-wrapper  \"><div class=\"align-icon\" style=\"text-align:center;\">\n<div class=\"aio-icon none \"  style=\"color:#60b561;font-size:20px;display:inline-block;\">\n\t<i class=\"icomoon-free-social-contact-16x16-home\"><\/i>\n<\/div><\/div><\/div><\/div><div class=\"aio-ibd-block\"><div class=\"aio-icon-header\" ><h3 class=\"aio-icon-title ult-responsive\"  data-ultimate-target='#Info-box-wrap-4235 .aio-icon-title'  data-responsive-json-new='{\"font-size\":\"desktop:16px;\",\"line-height\":\"desktop:16px;\"}'  style=\"font-family:&#039;Montserrat&#039;;font-weight:700;\">Address<\/h3><\/div> <!-- header --><div class=\"aio-icon-description ult-responsive\"  data-ultimate-target='#Info-box-wrap-4235 .aio-icon-description'  data-responsive-json-new='{\"font-size\":\"\",\"line-height\":\"\"}'  style=\"\"><\/p>\n<h3>J&amp;A Work<\/h3>\n<p>47-330 Zdzieszowice ul. Solownia 6<\/div> <!-- description --><\/div> <!-- aio-ibd-block --><\/div> <!-- aio-icon-box --><\/div> <!-- aio-icon-component --><div class=\"aio-icon-component  vc_custom_1757677351535   style_1\"><div id=\"Info-box-wrap-2529\" class=\"aio-icon-box left-icon\" style=\"\"  ><div class=\"aio-icon-left\"><div class=\"ult-just-icon-wrapper  \"><div class=\"align-icon\" style=\"text-align:center;\">\n<div class=\"aio-icon none \"  style=\"color:#60b561;font-size:20px;display:inline-block;\">\n\t<i class=\"icomoon-free-social-contact-16x16-phone\"><\/i>\n<\/div><\/div><\/div><\/div><div class=\"aio-ibd-block\"><div class=\"aio-icon-header\" ><h3 class=\"aio-icon-title ult-responsive\"  data-ultimate-target='#Info-box-wrap-2529 .aio-icon-title'  data-responsive-json-new='{\"font-size\":\"desktop:16px;\",\"line-height\":\"desktop:26px;\"}'  style=\"font-family:&#039;Montserrat&#039;;font-weight:700;\">Phone<\/h3><\/div> <!-- header --><div class=\"aio-icon-description ult-responsive\"  data-ultimate-target='#Info-box-wrap-2529 .aio-icon-description'  data-responsive-json-new='{\"font-size\":\"\",\"line-height\":\"\"}'  style=\"\"><\/p>\n<ul>\n<li>+48 502 073 790<\/li>\n<li>+48 571 481 828<\/li>\n<li>+31 645 851 135<\/li>\n<li>+31 616 230 845<\/li>\n<\/ul>\n<p><\/div> <!-- description --><\/div> <!-- aio-ibd-block --><\/div> <!-- aio-icon-box --><\/div> <!-- aio-icon-component --><div class=\"aio-icon-component  vc_custom_1757677383366   style_1\"><div id=\"Info-box-wrap-9657\" class=\"aio-icon-box left-icon\" style=\"\"  ><div class=\"aio-icon-left\"><div class=\"ult-just-icon-wrapper  \"><div class=\"align-icon\" style=\"text-align:center;\">\n<div class=\"aio-icon none \"  style=\"color:#53c271;font-size:20px;display:inline-block;\">\n\t<i class=\"icomoon-free-social-contact-16x16-envelop\"><\/i>\n<\/div><\/div><\/div><\/div><div class=\"aio-ibd-block\"><div class=\"aio-icon-header\" ><h3 class=\"aio-icon-title ult-responsive\"  data-ultimate-target='#Info-box-wrap-9657 .aio-icon-title'  data-responsive-json-new='{\"font-size\":\"desktop:16px;\",\"line-height\":\"desktop:26px;\"}'  style=\"font-family:&#039;Montserrat&#039;;font-weight:700;\">Email<\/h3><\/div> <!-- header --><div class=\"aio-icon-description ult-responsive\"  data-ultimate-target='#Info-box-wrap-9657 .aio-icon-description'  data-responsive-json-new='{\"font-size\":\"\",\"line-height\":\"\"}'  style=\"\"><\/p>\n<ul>\n<li>recruitment@jnawork.com<\/li>\n<li>cv@jnawork.com<\/li>\n<li>work@jnawork.com<\/li>\n<\/ul>\n<p><\/div> <!-- description --><\/div> <!-- aio-ibd-block --><\/div> <!-- aio-icon-box --><\/div> <!-- aio-icon-component -->[\/vc_column][vc_column width=&#8221;1\/2&#8243;]<div id=\"ultimate-heading-106269eb7f22268ee\" class=\"uvc-heading ult-adjust-bottom-margin ultimate-heading-106269eb7f22268ee uvc-6646  uvc-heading-default-font-sizes\" data-hspacer=\"line_only\"  data-halign=\"center\" style=\"text-align:center\"><div class=\"uvc-main-heading ult-responsive\"  data-ultimate-target='.uvc-heading.ultimate-heading-106269eb7f22268ee h2'  data-responsive-json-new='{\"font-size\":\"\",\"line-height\":\"\"}' ><h2 style=\"font-weight:bold;margin-bottom:10px;\">Contact form<\/h2><\/div><div class=\"uvc-heading-spacer line_only\" style=\"margin-bottom:30px;height:3px;\"><span class=\"uvc-headings-line\" style=\"border-style:solid;border-bottom-width:3px;border-color:#60b561;width:50px;\"><\/span><\/div><\/div><form class=\"dt-contact-form dt-form privacy-form\" method=\"post\"><input type=\"hidden\" name=\"widget_id\" value=\"presscore-contact-form-widget--1\" \/><input type=\"hidden\" name=\"send_message\" value=\"\" \/><input type=\"hidden\" name=\"security_token\" value=\"e4458a7b0e604085afae\"\/><div class=\"form-fields\"><span class=\"form-name\"><label class=\"assistive-text\">Name *<\/label><input type=\"text\" class=\"validate[required]\" placeholder=\"Name *\" name=\"name\" value=\"\" aria-required=\"true\">\n<\/span><span class=\"form-mail\"><label class=\"assistive-text\">E-mail *<\/label><input type=\"text\" class=\"validate[required,custom[email]]\" placeholder=\"E-mail *\" name=\"email\" value=\"\" aria-required=\"true\">\n<\/span><span class=\"form-telephone\"><label class=\"assistive-text\">Telephone<\/label><input type=\"text\" placeholder=\"Telephone\" name=\"telephone\" value=\"\" aria-required=\"false\">\n<\/span><\/div><span class=\"form-message\"><label class=\"assistive-text\">Message<\/label><textarea placeholder=\"Message\" name=\"message\" rows=\"7\" aria-required=\"false\"><\/textarea>\n<\/span><p class=\"the7-form-terms-wrap\"><input type=\"checkbox\" id=\"the7-form-terms-8a50bae297807da9e97722a0b3fd8f27\" name=\"terms\" class=\"validate[required] the7-form-terms\" aria-required=\"true\" \/>&nbsp;<label for=\"the7-form-terms-8a50bae297807da9e97722a0b3fd8f27\"><span class=\"form-terms-text\">U\u017cywaj\u0105c tego formularza akceptujesz nasz\u0105 <a href=\"https:\/\/jnawork.com\/polityka-prywatnosci\/\">polityk\u0119 prywatno\u015bci<\/a> i wyra\u017casz zgod\u0119 na przetwarzanie Twoich danych osobowych przez t\u0119 witryn\u0119.<\/span><\/label><\/p><p><a href=\"#\" class=\"dt-btn dt-btn-m dt-btn-submit\" rel=\"nofollow\"><span>Send a message<\/span><\/a><input class=\"assistive-text\" type=\"submit\" value=\"submit\"><\/p><\/form>\n[\/vc_column][\/vc_row][vc_row][vc_column css_animation=&#8221;fadeIn&#8221;][vc_gmaps link=&#8221;#E-8_JTNDaWZyYW1lJTIwc3JjJTNEJTIyaHR0cHMlM0ElMkYlMkZ3d3cuZ29vZ2xlLmNvbSUyRm1hcHMlMkZlbWJlZCUzRnBiJTNEJTIxMW0xOCUyMTFtMTIlMjExbTMlMjExZDQwNjQ2MC43NDQzNDU3NDM2JTIxMmQxNy42NDkyNzEzMzY4OTAxOTUlMjEzZDUwLjcwNjk3MjEzNTMyODAxJTIxMm0zJTIxMWYwJTIxMmYwJTIxM2YwJTIxM20yJTIxMWkxMDI0JTIxMmk3NjglMjE0ZjEzLjElMjEzbTMlMjExbTIlMjExczB4NDcxMWE4MTgzMDIwM2VmMyUyNTNBMHhlYjBhZmU5NmNjNTAwMmUlMjEyc0olMjUyNkElMjUyMFdPUkslMjE1ZTAlMjEzbTIlMjExc3BsJTIxMnNwbCUyMTR2MTY5MjE4OTE2OTM2NSUyMTVtMiUyMTFzcGwlMjEyc3BsJTIyJTIwd2lkdGglM0QlMjI2MDAlMjIlMjBoZWlnaHQlM0QlMjI0NTAlMjIlMjBzdHlsZSUzRCUyMmJvcmRlciUzQTAlM0IlMjIlMjBhbGxvd2Z1bGxzY3JlZW4lM0QlMjIlMjIlMjBsb2FkaW5nJTNEJTIybGF6eSUyMiUyMHJlZmVycmVycG9saWN5JTNEJTIybm8tcmVmZXJyZXItd2hlbi1kb3duZ3JhZGUlMjIlM0UlM0MlMkZpZnJhbWUlM0U=&#8221;][\/vc_column][\/vc_row]<\/p>\n<\/div>","protected":false},"excerpt":{"rendered":"<p>[vc_row content_placement=&#8221;top&#8221; type=&#8221;vc_default&#8221; css=&#8221;.vc_custom_1474212713065{margin-top: -20px !important;padding-bottom: 30px !important;}&#8221;][vc_column css_animation=&#8221;left-to-right&#8221; width=&#8221;1\/2&#8243; offset=&#8221;vc_col-lg-4 vc_col-md-4&#8243;][\/vc_column][vc_column width=&#8221;1\/2&#8243;][\/vc_column][\/vc_row][vc_row][vc_column css_animation=&#8221;fadeIn&#8221;][vc_gmaps link=&#8221;#E-8_JTNDaWZyYW1lJTIwc3JjJTNEJTIyaHR0cHMlM0ElMkYlMkZ3d3cuZ29vZ2xlLmNvbSUyRm1hcHMlMkZlbWJlZCUzRnBiJTNEJTIxMW0xOCUyMTFtMTIlMjExbTMlMjExZDQwNjQ2MC43NDQzNDU3NDM2JTIxMmQxNy42NDkyNzEzMzY4OTAxOTUlMjEzZDUwLjcwNjk3MjEzNTMyODAxJTIxMm0zJTIxMWYwJTIxMmYwJTIxM2YwJTIxM20yJTIxMWkxMDI0JTIxMmk3NjglMjE0ZjEzLjElMjEzbTMlMjExbTIlMjExczB4NDcxMWE4MTgzMDIwM2VmMyUyNTNBMHhlYjBhZmU5NmNjNTAwMmUlMjEyc0olMjUyNkElMjUyMFdPUkslMjE1ZTAlMjEzbTIlMjExc3BsJTIxMnNwbCUyMTR2MTY5MjE4OTE2OTM2NSUyMTVtMiUyMTFzcGwlMjEyc3BsJTIyJTIwd2lkdGglM0QlMjI2MDAlMjIlMjBoZWlnaHQlM0QlMjI0NTAlMjIlMjBzdHlsZSUzRCUyMmJvcmRlciUzQTAlM0IlMjIlMjBhbGxvd2Z1bGxzY3JlZW4lM0QlMjIlMjIlMjBsb2FkaW5nJTNEJTIybGF6eSUyMiUyMHJlZmVycmVycG9saWN5JTNEJTIybm8tcmVmZXJyZXItd2hlbi1kb3duZ3JhZGUlMjIlM0UlM0MlMkZpZnJhbWUlM0U=&#8221;][\/vc_column][\/vc_row]<\/p>\n","protected":false},"author":2,"featured_media":0,"parent":0,"menu_order":6,"comment_status":"closed","ping_status":"closed","template":"","meta":{"footnotes":""},"class_list":["post-845","page","type-page","status-publish","hentry","description-off"],"yoast_head":"<!-- This site is optimized with the Yoast SEO plugin v27.2 - https:\/\/yoast.com\/product\/yoast-seo-wordpress\/ -->\n<title>Contact - JNAwork.com<\/title>\n<meta name=\"robots\" content=\"index, follow, max-snippet:-1, max-image-preview:large, max-video-preview:-1\" \/>\n<link rel=\"canonical\" href=\"https:\/\/jnawork.com\/en\/contact\/\" \/>\n<meta property=\"og:locale\" content=\"en_US\" \/>\n<meta property=\"og:type\" content=\"article\" \/>\n<meta property=\"og:title\" content=\"Contact - JNAwork.com\" \/>\n<meta property=\"og:description\" content=\"[vc_row content_placement=&#8221;top&#8221; type=&#8221;vc_default&#8221; css=&#8221;.vc_custom_1474212713065{margin-top: -20px !important;padding-bottom: 30px !important;}&#8221;][vc_column css_animation=&#8221;left-to-right&#8221; width=&#8221;1\/2&#8243; offset=&#8221;vc_col-lg-4 vc_col-md-4&#8243;][\/vc_column][vc_column width=&#8221;1\/2&#8243;][\/vc_column][\/vc_row][vc_row][vc_column css_animation=&#8221;fadeIn&#8221;][vc_gmaps link=&#8221;#E-8_JTNDaWZyYW1lJTIwc3JjJTNEJTIyaHR0cHMlM0ElMkYlMkZ3d3cuZ29vZ2xlLmNvbSUyRm1hcHMlMkZlbWJlZCUzRnBiJTNEJTIxMW0xOCUyMTFtMTIlMjExbTMlMjExZDQwNjQ2MC43NDQzNDU3NDM2JTIxMmQxNy42NDkyNzEzMzY4OTAxOTUlMjEzZDUwLjcwNjk3MjEzNTMyODAxJTIxMm0zJTIxMWYwJTIxMmYwJTIxM2YwJTIxM20yJTIxMWkxMDI0JTIxMmk3NjglMjE0ZjEzLjElMjEzbTMlMjExbTIlMjExczB4NDcxMWE4MTgzMDIwM2VmMyUyNTNBMHhlYjBhZmU5NmNjNTAwMmUlMjEyc0olMjUyNkElMjUyMFdPUkslMjE1ZTAlMjEzbTIlMjExc3BsJTIxMnNwbCUyMTR2MTY5MjE4OTE2OTM2NSUyMTVtMiUyMTFzcGwlMjEyc3BsJTIyJTIwd2lkdGglM0QlMjI2MDAlMjIlMjBoZWlnaHQlM0QlMjI0NTAlMjIlMjBzdHlsZSUzRCUyMmJvcmRlciUzQTAlM0IlMjIlMjBhbGxvd2Z1bGxzY3JlZW4lM0QlMjIlMjIlMjBsb2FkaW5nJTNEJTIybGF6eSUyMiUyMHJlZmVycmVycG9saWN5JTNEJTIybm8tcmVmZXJyZXItd2hlbi1kb3duZ3JhZGUlMjIlM0UlM0MlMkZpZnJhbWUlM0U=&#8221;][\/vc_column][\/vc_row]\" \/>\n<meta property=\"og:url\" content=\"https:\/\/jnawork.com\/en\/contact\/\" \/>\n<meta property=\"og:site_name\" content=\"JNAwork.com\" \/>\n<meta property=\"article:modified_time\" content=\"2025-09-12T11:43:19+00:00\" \/>\n<meta name=\"twitter:card\" content=\"summary_large_image\" \/>\n<meta name=\"twitter:label1\" content=\"Est. reading time\" \/>\n\t<meta name=\"twitter:data1\" content=\"2 minutes\" \/>\n<script type=\"application\/ld+json\" class=\"yoast-schema-graph\">{\"@context\":\"https:\/\/schema.org\",\"@graph\":[{\"@type\":\"WebPage\",\"@id\":\"https:\/\/jnawork.com\/en\/contact\/\",\"url\":\"https:\/\/jnawork.com\/en\/contact\/\",\"name\":\"Contact - JNAwork.com\",\"isPartOf\":{\"@id\":\"https:\/\/jnawork.com\/en\/#website\"},\"datePublished\":\"2016-06-07T21:57:55+00:00\",\"dateModified\":\"2025-09-12T11:43:19+00:00\",\"breadcrumb\":{\"@id\":\"https:\/\/jnawork.com\/en\/contact\/#breadcrumb\"},\"inLanguage\":\"en-US\",\"potentialAction\":[{\"@type\":\"ReadAction\",\"target\":[\"https:\/\/jnawork.com\/en\/contact\/\"]}]},{\"@type\":\"BreadcrumbList\",\"@id\":\"https:\/\/jnawork.com\/en\/contact\/#breadcrumb\",\"itemListElement\":[{\"@type\":\"ListItem\",\"position\":1,\"name\":\"Strona g\u0142\u00f3wna\",\"item\":\"https:\/\/jnawork.com\/en\/jobs-in-germany-belgium-and-the-netherlands-ja-work-employment-agency\/\"},{\"@type\":\"ListItem\",\"position\":2,\"name\":\"Contact\"}]},{\"@type\":\"WebSite\",\"@id\":\"https:\/\/jnawork.com\/en\/#website\",\"url\":\"https:\/\/jnawork.com\/en\/\",\"name\":\"JNAwork.com\",\"description\":\"Nasz\u0105 misj\u0105 jest Tw\u00f3j sukces\",\"potentialAction\":[{\"@type\":\"SearchAction\",\"target\":{\"@type\":\"EntryPoint\",\"urlTemplate\":\"https:\/\/jnawork.com\/en\/?s={search_term_string}\"},\"query-input\":{\"@type\":\"PropertyValueSpecification\",\"valueRequired\":true,\"valueName\":\"search_term_string\"}}],\"inLanguage\":\"en-US\"}]}<\/script>\n<!-- \/ Yoast SEO plugin. -->","yoast_head_json":{"title":"Contact - JNAwork.com","robots":{"index":"index","follow":"follow","max-snippet":"max-snippet:-1","max-image-preview":"max-image-preview:large","max-video-preview":"max-video-preview:-1"},"canonical":"https:\/\/jnawork.com\/en\/contact\/","og_locale":"en_US","og_type":"article","og_title":"Contact - JNAwork.com","og_description":"[vc_row content_placement=&#8221;top&#8221; type=&#8221;vc_default&#8221; css=&#8221;.vc_custom_1474212713065{margin-top: -20px !important;padding-bottom: 30px !important;}&#8221;][vc_column css_animation=&#8221;left-to-right&#8221; width=&#8221;1\/2&#8243; offset=&#8221;vc_col-lg-4 vc_col-md-4&#8243;][\/vc_column][vc_column width=&#8221;1\/2&#8243;][\/vc_column][\/vc_row][vc_row][vc_column css_animation=&#8221;fadeIn&#8221;][vc_gmaps link=&#8221;#E-8_JTNDaWZyYW1lJTIwc3JjJTNEJTIyaHR0cHMlM0ElMkYlMkZ3d3cuZ29vZ2xlLmNvbSUyRm1hcHMlMkZlbWJlZCUzRnBiJTNEJTIxMW0xOCUyMTFtMTIlMjExbTMlMjExZDQwNjQ2MC43NDQzNDU3NDM2JTIxMmQxNy42NDkyNzEzMzY4OTAxOTUlMjEzZDUwLjcwNjk3MjEzNTMyODAxJTIxMm0zJTIxMWYwJTIxMmYwJTIxM2YwJTIxM20yJTIxMWkxMDI0JTIxMmk3NjglMjE0ZjEzLjElMjEzbTMlMjExbTIlMjExczB4NDcxMWE4MTgzMDIwM2VmMyUyNTNBMHhlYjBhZmU5NmNjNTAwMmUlMjEyc0olMjUyNkElMjUyMFdPUkslMjE1ZTAlMjEzbTIlMjExc3BsJTIxMnNwbCUyMTR2MTY5MjE4OTE2OTM2NSUyMTVtMiUyMTFzcGwlMjEyc3BsJTIyJTIwd2lkdGglM0QlMjI2MDAlMjIlMjBoZWlnaHQlM0QlMjI0NTAlMjIlMjBzdHlsZSUzRCUyMmJvcmRlciUzQTAlM0IlMjIlMjBhbGxvd2Z1bGxzY3JlZW4lM0QlMjIlMjIlMjBsb2FkaW5nJTNEJTIybGF6eSUyMiUyMHJlZmVycmVycG9saWN5JTNEJTIybm8tcmVmZXJyZXItd2hlbi1kb3duZ3JhZGUlMjIlM0UlM0MlMkZpZnJhbWUlM0U=&#8221;][\/vc_column][\/vc_row]","og_url":"https:\/\/jnawork.com\/en\/contact\/","og_site_name":"JNAwork.com","article_modified_time":"2025-09-12T11:43:19+00:00","twitter_card":"summary_large_image","twitter_misc":{"Est. reading time":"2 minutes"},"schema":{"@context":"https:\/\/schema.org","@graph":[{"@type":"WebPage","@id":"https:\/\/jnawork.com\/en\/contact\/","url":"https:\/\/jnawork.com\/en\/contact\/","name":"Contact - JNAwork.com","isPartOf":{"@id":"https:\/\/jnawork.com\/en\/#website"},"datePublished":"2016-06-07T21:57:55+00:00","dateModified":"2025-09-12T11:43:19+00:00","breadcrumb":{"@id":"https:\/\/jnawork.com\/en\/contact\/#breadcrumb"},"inLanguage":"en-US","potentialAction":[{"@type":"ReadAction","target":["https:\/\/jnawork.com\/en\/contact\/"]}]},{"@type":"BreadcrumbList","@id":"https:\/\/jnawork.com\/en\/contact\/#breadcrumb","itemListElement":[{"@type":"ListItem","position":1,"name":"Strona g\u0142\u00f3wna","item":"https:\/\/jnawork.com\/en\/jobs-in-germany-belgium-and-the-netherlands-ja-work-employment-agency\/"},{"@type":"ListItem","position":2,"name":"Contact"}]},{"@type":"WebSite","@id":"https:\/\/jnawork.com\/en\/#website","url":"https:\/\/jnawork.com\/en\/","name":"JNAwork.com","description":"Nasz\u0105 misj\u0105 jest Tw\u00f3j sukces","potentialAction":[{"@type":"SearchAction","target":{"@type":"EntryPoint","urlTemplate":"https:\/\/jnawork.com\/en\/?s={search_term_string}"},"query-input":{"@type":"PropertyValueSpecification","valueRequired":true,"valueName":"search_term_string"}}],"inLanguage":"en-US"}]}},"_links":{"self":[{"href":"https:\/\/jnawork.com\/en\/wp-json\/wp\/v2\/pages\/845","targetHints":{"allow":["GET"]}}],"collection":[{"href":"https:\/\/jnawork.com\/en\/wp-json\/wp\/v2\/pages"}],"about":[{"href":"https:\/\/jnawork.com\/en\/wp-json\/wp\/v2\/types\/page"}],"author":[{"embeddable":true,"href":"https:\/\/jnawork.com\/en\/wp-json\/wp\/v2\/users\/2"}],"replies":[{"embeddable":true,"href":"https:\/\/jnawork.com\/en\/wp-json\/wp\/v2\/comments?post=845"}],"version-history":[{"count":13,"href":"https:\/\/jnawork.com\/en\/wp-json\/wp\/v2\/pages\/845\/revisions"}],"predecessor-version":[{"id":1905,"href":"https:\/\/jnawork.com\/en\/wp-json\/wp\/v2\/pages\/845\/revisions\/1905"}],"wp:attachment":[{"href":"https:\/\/jnawork.com\/en\/wp-json\/wp\/v2\/media?parent=845"}],"curies":[{"name":"wp","href":"https:\/\/api.w.org\/{rel}","templated":true}]}}