{"id":876,"date":"2023-08-11T22:10:28","date_gmt":"2023-08-11T20:10:28","guid":{"rendered":"https:\/\/jnawork.com\/certificates\/"},"modified":"2023-11-06T18:37:48","modified_gmt":"2023-11-06T17:37:48","slug":"certificates","status":"publish","type":"page","link":"https:\/\/jnawork.com\/en\/certificates\/","title":{"rendered":"Certificates"},"content":{"rendered":"<div class=\"wpb-content-wrapper\"><p>[vc_row][vc_column width=&#8221;1\/2&#8243;]<style type=\"text\/css\" data-type=\"the7_shortcodes-inline-css\">.shortcode-single-image-wrap.shortcode-single-image-ae40d0782581704ac061cd5ee0cda563.enable-bg-rollover .rollover i,\n.shortcode-single-image-wrap.shortcode-single-image-ae40d0782581704ac061cd5ee0cda563.enable-bg-rollover .rollover-video i {\n  background: -webkit-linear-gradient();\n  background: linear-gradient();\n}\n.shortcode-single-image-wrap.shortcode-single-image-ae40d0782581704ac061cd5ee0cda563 .rollover-icon {\n  font-size: 32px;\n  color: #ffffff;\n  min-width: 44px;\n  min-height: 44px;\n  line-height: 44px;\n  border-radius: 100px;\n  border-style: solid;\n  border-width: 0px;\n}\n.dt-icon-bg-on.shortcode-single-image-wrap.shortcode-single-image-ae40d0782581704ac061cd5ee0cda563 .rollover-icon {\n  background: rgba(255,255,255,0.3);\n  box-shadow: none;\n}<\/style><div class=\"shortcode-single-image-wrap shortcode-single-image-ae40d0782581704ac061cd5ee0cda563 alignnone  enable-bg-rollover dt-icon-bg-off quick-scale-img\" style=\"margin-top:0px; margin-bottom:0px; margin-left:0px; margin-right:0px; width:500px;\"><div class=\"shortcode-single-image\"><div class=\"fancy-media-wrap\" style=\"\"><a class=\"layzr-bg rollover rollover-zoom dt-pswp-item pswp-image\" href=\"https:\/\/jnawork.com\/wp-content\/uploads\/2023\/08\/certyfikat_marszalka.jpg\" title=\"Certyfikat Marsza\u0142ka Wojew\u00f3dztwa\" data-dt-img-description=\"\" data-large_image_width=\"639\" data-large_image_height = \"885\"  style=\"\"><img fetchpriority=\"high\" decoding=\"async\" class=\"preload-me lazy-load aspect\" src=\"data:image\/svg+xml,%3Csvg%20xmlns%3D&#39;http%3A%2F%2Fwww.w3.org%2F2000%2Fsvg&#39;%20viewBox%3D&#39;0%200%20500%20692&#39;%2F%3E\" data-src=\"https:\/\/jnawork.com\/wp-content\/uploads\/2023\/08\/certyfikat_marszalka-500x692.jpg\" data-srcset=\"https:\/\/jnawork.com\/wp-content\/uploads\/2023\/08\/certyfikat_marszalka-500x692.jpg 500w, https:\/\/jnawork.com\/wp-content\/uploads\/2023\/08\/certyfikat_marszalka.jpg 639w\" loading=\"eager\" style=\"--ratio: 500 \/ 692\" sizes=\"(max-width: 500px) 100vw, 500px\" width=\"500\" height=\"692\"  data-dt-location=\"https:\/\/jnawork.com\/en\/certyfikaty\/certyfikat_marszalka\/\" alt=\"\" \/><span class=\" rollover-icon icomoon-the7-font-the7-zoom-01\"><\/span><\/a><\/div><\/div><\/div>[\/vc_column][vc_column width=&#8221;1\/2&#8243;]<style type=\"text\/css\" data-type=\"the7_shortcodes-inline-css\">.shortcode-single-image-wrap.shortcode-single-image-77e11eaea88ca06bc9bd64421f3fc16b.enable-bg-rollover .rollover i,\n.shortcode-single-image-wrap.shortcode-single-image-77e11eaea88ca06bc9bd64421f3fc16b.enable-bg-rollover .rollover-video i {\n  background: -webkit-linear-gradient();\n  background: linear-gradient();\n}\n.shortcode-single-image-wrap.shortcode-single-image-77e11eaea88ca06bc9bd64421f3fc16b .rollover-icon {\n  font-size: 32px;\n  color: #ffffff;\n  min-width: 44px;\n  min-height: 44px;\n  line-height: 44px;\n  border-radius: 100px;\n  border-style: solid;\n  border-width: 0px;\n}\n.dt-icon-bg-on.shortcode-single-image-wrap.shortcode-single-image-77e11eaea88ca06bc9bd64421f3fc16b .rollover-icon {\n  background: rgba(255,255,255,0.3);\n  box-shadow: none;\n}<\/style><div class=\"shortcode-single-image-wrap shortcode-single-image-77e11eaea88ca06bc9bd64421f3fc16b alignnone  enable-bg-rollover dt-icon-bg-off quick-scale-img\" style=\"margin-top:0px; margin-bottom:0px; margin-left:0px; margin-right:0px; width:500px;\"><div class=\"shortcode-single-image\"><div class=\"fancy-media-wrap\" style=\"\"><a class=\"layzr-bg rollover rollover-zoom dt-pswp-item pswp-image\" href=\"https:\/\/jnawork.com\/wp-content\/uploads\/2023\/08\/szkolenie.jpg\" title=\"Szkolenie Joanna Fait\" data-dt-img-description=\"\" data-large_image_width=\"639\" data-large_image_height = \"885\"  style=\"\"><img decoding=\"async\" class=\"preload-me lazy-load aspect\" src=\"data:image\/svg+xml,%3Csvg%20xmlns%3D&#39;http%3A%2F%2Fwww.w3.org%2F2000%2Fsvg&#39;%20viewBox%3D&#39;0%200%20500%20692&#39;%2F%3E\" data-src=\"https:\/\/jnawork.com\/wp-content\/uploads\/2023\/08\/szkolenie-500x692.jpg\" data-srcset=\"https:\/\/jnawork.com\/wp-content\/uploads\/2023\/08\/szkolenie-500x692.jpg 500w, https:\/\/jnawork.com\/wp-content\/uploads\/2023\/08\/szkolenie.jpg 639w\" loading=\"eager\" style=\"--ratio: 500 \/ 692\" sizes=\"(max-width: 500px) 100vw, 500px\" width=\"500\" height=\"692\"  data-dt-location=\"https:\/\/jnawork.com\/en\/certyfikaty\/szkolenie\/\" alt=\"\" \/><span class=\" rollover-icon icomoon-the7-font-the7-zoom-01\"><\/span><\/a><\/div><\/div><\/div>[\/vc_column][\/vc_row]<\/p>\n<\/div>","protected":false},"excerpt":{"rendered":"<p>[vc_row][vc_column width=&#8221;1\/2&#8243;][\/vc_column][vc_column width=&#8221;1\/2&#8243;][\/vc_column][\/vc_row]<\/p>\n","protected":false},"author":1,"featured_media":0,"parent":0,"menu_order":0,"comment_status":"closed","ping_status":"closed","template":"","meta":{"footnotes":""},"class_list":["post-876","page","type-page","status-publish","hentry","description-off"],"yoast_head":"<!-- This site is optimized with the Yoast SEO plugin v27.2 - https:\/\/yoast.com\/product\/yoast-seo-wordpress\/ -->\n<title>Certificates - JNAwork.com<\/title>\n<meta name=\"robots\" content=\"index, follow, max-snippet:-1, max-image-preview:large, max-video-preview:-1\" \/>\n<link rel=\"canonical\" href=\"https:\/\/jnawork.com\/en\/certificates\/\" \/>\n<meta property=\"og:locale\" content=\"en_US\" \/>\n<meta property=\"og:type\" content=\"article\" \/>\n<meta property=\"og:title\" content=\"Certificates - JNAwork.com\" \/>\n<meta property=\"og:description\" content=\"[vc_row][vc_column width=&#8221;1\/2&#8243;][\/vc_column][vc_column width=&#8221;1\/2&#8243;][\/vc_column][\/vc_row]\" \/>\n<meta property=\"og:url\" content=\"https:\/\/jnawork.com\/en\/certificates\/\" \/>\n<meta property=\"og:site_name\" content=\"JNAwork.com\" \/>\n<meta property=\"article:modified_time\" content=\"2023-11-06T17:37:48+00:00\" \/>\n<meta name=\"twitter:card\" content=\"summary_large_image\" \/>\n<script type=\"application\/ld+json\" class=\"yoast-schema-graph\">{\"@context\":\"https:\/\/schema.org\",\"@graph\":[{\"@type\":\"WebPage\",\"@id\":\"https:\/\/jnawork.com\/en\/certificates\/\",\"url\":\"https:\/\/jnawork.com\/en\/certificates\/\",\"name\":\"Certificates - JNAwork.com\",\"isPartOf\":{\"@id\":\"https:\/\/jnawork.com\/en\/#website\"},\"datePublished\":\"2023-08-11T20:10:28+00:00\",\"dateModified\":\"2023-11-06T17:37:48+00:00\",\"breadcrumb\":{\"@id\":\"https:\/\/jnawork.com\/en\/certificates\/#breadcrumb\"},\"inLanguage\":\"en-US\",\"potentialAction\":[{\"@type\":\"ReadAction\",\"target\":[\"https:\/\/jnawork.com\/en\/certificates\/\"]}]},{\"@type\":\"BreadcrumbList\",\"@id\":\"https:\/\/jnawork.com\/en\/certificates\/#breadcrumb\",\"itemListElement\":[{\"@type\":\"ListItem\",\"position\":1,\"name\":\"Strona g\u0142\u00f3wna\",\"item\":\"https:\/\/jnawork.com\/en\/jobs-in-germany-belgium-and-the-netherlands-ja-work-employment-agency\/\"},{\"@type\":\"ListItem\",\"position\":2,\"name\":\"Certificates\"}]},{\"@type\":\"WebSite\",\"@id\":\"https:\/\/jnawork.com\/en\/#website\",\"url\":\"https:\/\/jnawork.com\/en\/\",\"name\":\"JNAwork.com\",\"description\":\"Nasz\u0105 misj\u0105 jest Tw\u00f3j sukces\",\"potentialAction\":[{\"@type\":\"SearchAction\",\"target\":{\"@type\":\"EntryPoint\",\"urlTemplate\":\"https:\/\/jnawork.com\/en\/?s={search_term_string}\"},\"query-input\":{\"@type\":\"PropertyValueSpecification\",\"valueRequired\":true,\"valueName\":\"search_term_string\"}}],\"inLanguage\":\"en-US\"}]}<\/script>\n<!-- \/ Yoast SEO plugin. -->","yoast_head_json":{"title":"Certificates - JNAwork.com","robots":{"index":"index","follow":"follow","max-snippet":"max-snippet:-1","max-image-preview":"max-image-preview:large","max-video-preview":"max-video-preview:-1"},"canonical":"https:\/\/jnawork.com\/en\/certificates\/","og_locale":"en_US","og_type":"article","og_title":"Certificates - JNAwork.com","og_description":"[vc_row][vc_column width=&#8221;1\/2&#8243;][\/vc_column][vc_column width=&#8221;1\/2&#8243;][\/vc_column][\/vc_row]","og_url":"https:\/\/jnawork.com\/en\/certificates\/","og_site_name":"JNAwork.com","article_modified_time":"2023-11-06T17:37:48+00:00","twitter_card":"summary_large_image","schema":{"@context":"https:\/\/schema.org","@graph":[{"@type":"WebPage","@id":"https:\/\/jnawork.com\/en\/certificates\/","url":"https:\/\/jnawork.com\/en\/certificates\/","name":"Certificates - JNAwork.com","isPartOf":{"@id":"https:\/\/jnawork.com\/en\/#website"},"datePublished":"2023-08-11T20:10:28+00:00","dateModified":"2023-11-06T17:37:48+00:00","breadcrumb":{"@id":"https:\/\/jnawork.com\/en\/certificates\/#breadcrumb"},"inLanguage":"en-US","potentialAction":[{"@type":"ReadAction","target":["https:\/\/jnawork.com\/en\/certificates\/"]}]},{"@type":"BreadcrumbList","@id":"https:\/\/jnawork.com\/en\/certificates\/#breadcrumb","itemListElement":[{"@type":"ListItem","position":1,"name":"Strona g\u0142\u00f3wna","item":"https:\/\/jnawork.com\/en\/jobs-in-germany-belgium-and-the-netherlands-ja-work-employment-agency\/"},{"@type":"ListItem","position":2,"name":"Certificates"}]},{"@type":"WebSite","@id":"https:\/\/jnawork.com\/en\/#website","url":"https:\/\/jnawork.com\/en\/","name":"JNAwork.com","description":"Nasz\u0105 misj\u0105 jest Tw\u00f3j sukces","potentialAction":[{"@type":"SearchAction","target":{"@type":"EntryPoint","urlTemplate":"https:\/\/jnawork.com\/en\/?s={search_term_string}"},"query-input":{"@type":"PropertyValueSpecification","valueRequired":true,"valueName":"search_term_string"}}],"inLanguage":"en-US"}]}},"_links":{"self":[{"href":"https:\/\/jnawork.com\/en\/wp-json\/wp\/v2\/pages\/876","targetHints":{"allow":["GET"]}}],"collection":[{"href":"https:\/\/jnawork.com\/en\/wp-json\/wp\/v2\/pages"}],"about":[{"href":"https:\/\/jnawork.com\/en\/wp-json\/wp\/v2\/types\/page"}],"author":[{"embeddable":true,"href":"https:\/\/jnawork.com\/en\/wp-json\/wp\/v2\/users\/1"}],"replies":[{"embeddable":true,"href":"https:\/\/jnawork.com\/en\/wp-json\/wp\/v2\/comments?post=876"}],"version-history":[{"count":1,"href":"https:\/\/jnawork.com\/en\/wp-json\/wp\/v2\/pages\/876\/revisions"}],"predecessor-version":[{"id":879,"href":"https:\/\/jnawork.com\/en\/wp-json\/wp\/v2\/pages\/876\/revisions\/879"}],"wp:attachment":[{"href":"https:\/\/jnawork.com\/en\/wp-json\/wp\/v2\/media?parent=876"}],"curies":[{"name":"wp","href":"https:\/\/api.w.org\/{rel}","templated":true}]}}