{"id":880,"date":"2023-08-11T22:11:11","date_gmt":"2023-08-11T20:11:11","guid":{"rendered":"https:\/\/jnawork.com\/faq\/"},"modified":"2023-11-06T18:37:50","modified_gmt":"2023-11-06T17:37:50","slug":"faq","status":"publish","type":"page","link":"https:\/\/jnawork.com\/en\/faq\/","title":{"rendered":"FAQ"},"content":{"rendered":"<div class=\"wpb-content-wrapper\"><p>[vc_row][vc_column][vc_accordion][vc_accordion_tab title=&#8221;1. what documents are needed to work abroad?&#8221;][vc_column_text]<\/p>\n<ul>\n<li>identity card\/passport<\/li>\n<li>bank account<\/li>\n<\/ul>\n<p>[\/vc_column_text][\/vc_accordion_tab][vc_accordion_tab title=&#8221;2. is it legal to work through J&amp;A Work?&#8221;][vc_column_text]J&amp;A WORK is a legal agency certified by the Marshal of the Opole Province with the number 13920.[\/vc_column_text][\/vc_accordion_tab][vc_accordion_tab title=&#8221;3. is J&amp;A Work&apos;s job placement paid?&#8221;][vc_column_text]Don&#8217;t. We do not charge any fees for helping you find your dream job.[\/vc_column_text][\/vc_accordion_tab][vc_accordion_tab title=&#8221;4. will I be insured while working abroad?&#8221;][vc_column_text]Of course. People working abroad are required to have health insurance with one of the local insurance institutions.[\/vc_column_text][\/vc_accordion_tab][vc_accordion_tab title=&#8221;5. what is the minimum wage?&#8221;][vc_column_text]The minimum wage in the Netherlands depends on the age of the worker and is:<\/p>\n<table width=\"635\">\n<thead>\n<tr>\n<td width=\"177\"><strong>Age of the employee<br \/>\n<\/strong><\/td>\n<td width=\"200\"><strong>Monthly rate<\/strong><\/td>\n<td width=\"215\"><strong>Weekly rate<\/strong><\/td>\n<td width=\"215\"><strong>Daily rate<\/strong><\/td>\n<\/tr>\n<\/thead>\n<tbody>\n<tr>\n<td width=\"177\">21 years and older<\/td>\n<td width=\"200\">\u20ac 1.995,-<\/td>\n<td width=\"215\">\u20ac 460,40<\/td>\n<td width=\"215\">\u20ac 92,08<\/td>\n<\/tr>\n<tr>\n<td width=\"177\">20 years<\/td>\n<td width=\"200\">\u20ac 1.596,-<\/td>\n<td width=\"215\">\u20ac 368,30<\/td>\n<td width=\"215\">\u20ac 73,66<\/td>\n<\/tr>\n<tr>\n<td width=\"177\">19 years<\/td>\n<td width=\"200\">\u20ac 1.197,-<\/td>\n<td width=\"215\">\u20ac 276,25<\/td>\n<td width=\"215\">\u20ac 55,25<\/td>\n<\/tr>\n<tr>\n<td width=\"177\">18 years<\/td>\n<td width=\"200\">\u20ac 997,50<\/td>\n<td width=\"215\">\u20ac 230,20<\/td>\n<td width=\"215\">\u20ac 46,04<\/td>\n<\/tr>\n<tr>\n<td width=\"177\">17 years<\/td>\n<td width=\"200\">\u20ac 788,05<\/td>\n<td width=\"215\">\u20ac 181,85<\/td>\n<td width=\"215\">\u20ac 36,37<\/td>\n<\/tr>\n<tr>\n<td width=\"177\">16 years<\/td>\n<td width=\"200\">\u20ac 688,30<\/td>\n<td width=\"215\">\u20ac 158,85<\/td>\n<td width=\"215\">\u20ac 31,77<\/td>\n<\/tr>\n<tr>\n<td width=\"177\">15 years<\/td>\n<td width=\"200\">\u20ac 598,50<\/td>\n<td width=\"215\">\u20ac 138,10<\/td>\n<td width=\"215\">\u20ac 26,62<\/td>\n<\/tr>\n<\/tbody>\n<\/table>\n<p>[\/vc_column_text][\/vc_accordion_tab][vc_accordion_tab title=&#8221;6. When and how is the salary paid?&#8221;][vc_column_text]Salaries are paid according to the employer. As a rule, wages are transferred to the employee&#8217;s account every 4 weeks.[\/vc_column_text][\/vc_accordion_tab][\/vc_accordion][\/vc_column][\/vc_row]<\/p>\n<\/div>","protected":false},"excerpt":{"rendered":"<p>[vc_row][vc_column][vc_accordion][vc_accordion_tab title=&#8221;1. what documents are needed to work abroad?&#8221;][vc_column_text] identity card\/passport bank account [\/vc_column_text][\/vc_accordion_tab][vc_accordion_tab title=&#8221;2. is it legal to work through J&amp;A Work?&#8221;][vc_column_text]J&amp;A WORK is a legal agency certified by the Marshal of the Opole Province with the number 13920.[\/vc_column_text][\/vc_accordion_tab][vc_accordion_tab title=&#8221;3. is J&amp;A Work&apos;s job placement paid?&#8221;][vc_column_text]Don&#8217;t. We do not charge any fees for helping&hellip;<\/p>\n","protected":false},"author":1,"featured_media":0,"parent":0,"menu_order":0,"comment_status":"closed","ping_status":"closed","template":"","meta":{"footnotes":""},"class_list":["post-880","page","type-page","status-publish","hentry","description-off"],"yoast_head":"<!-- This site is optimized with the Yoast SEO plugin v27.2 - https:\/\/yoast.com\/product\/yoast-seo-wordpress\/ -->\n<title>FAQ - JNAwork.com<\/title>\n<meta name=\"robots\" content=\"index, follow, max-snippet:-1, max-image-preview:large, max-video-preview:-1\" \/>\n<link rel=\"canonical\" href=\"https:\/\/jnawork.com\/en\/faq\/\" \/>\n<meta property=\"og:locale\" content=\"en_US\" \/>\n<meta property=\"og:type\" content=\"article\" \/>\n<meta property=\"og:title\" content=\"FAQ - JNAwork.com\" \/>\n<meta property=\"og:description\" content=\"[vc_row][vc_column][vc_accordion][vc_accordion_tab title=&#8221;1. what documents are needed to work abroad?&#8221;][vc_column_text] identity card\/passport bank account [\/vc_column_text][\/vc_accordion_tab][vc_accordion_tab title=&#8221;2. is it legal to work through J&amp;A Work?&#8221;][vc_column_text]J&amp;A WORK is a legal agency certified by the Marshal of the Opole Province with the number 13920.[\/vc_column_text][\/vc_accordion_tab][vc_accordion_tab title=&#8221;3. is J&amp;A Work&amp;apos;s job placement paid?&#8221;][vc_column_text]Don&#8217;t. We do not charge any fees for helping&hellip;\" \/>\n<meta property=\"og:url\" content=\"https:\/\/jnawork.com\/en\/faq\/\" \/>\n<meta property=\"og:site_name\" content=\"JNAwork.com\" \/>\n<meta property=\"article:modified_time\" content=\"2023-11-06T17:37:50+00:00\" \/>\n<meta name=\"twitter:card\" content=\"summary_large_image\" \/>\n<meta name=\"twitter:label1\" content=\"Est. reading time\" \/>\n\t<meta name=\"twitter:data1\" content=\"1 minute\" \/>\n<script type=\"application\/ld+json\" class=\"yoast-schema-graph\">{\"@context\":\"https:\/\/schema.org\",\"@graph\":[{\"@type\":\"WebPage\",\"@id\":\"https:\/\/jnawork.com\/en\/faq\/\",\"url\":\"https:\/\/jnawork.com\/en\/faq\/\",\"name\":\"FAQ - JNAwork.com\",\"isPartOf\":{\"@id\":\"https:\/\/jnawork.com\/en\/#website\"},\"datePublished\":\"2023-08-11T20:11:11+00:00\",\"dateModified\":\"2023-11-06T17:37:50+00:00\",\"breadcrumb\":{\"@id\":\"https:\/\/jnawork.com\/en\/faq\/#breadcrumb\"},\"inLanguage\":\"en-US\",\"potentialAction\":[{\"@type\":\"ReadAction\",\"target\":[\"https:\/\/jnawork.com\/en\/faq\/\"]}]},{\"@type\":\"BreadcrumbList\",\"@id\":\"https:\/\/jnawork.com\/en\/faq\/#breadcrumb\",\"itemListElement\":[{\"@type\":\"ListItem\",\"position\":1,\"name\":\"Strona g\u0142\u00f3wna\",\"item\":\"https:\/\/jnawork.com\/en\/jobs-in-germany-belgium-and-the-netherlands-ja-work-employment-agency\/\"},{\"@type\":\"ListItem\",\"position\":2,\"name\":\"FAQ\"}]},{\"@type\":\"WebSite\",\"@id\":\"https:\/\/jnawork.com\/en\/#website\",\"url\":\"https:\/\/jnawork.com\/en\/\",\"name\":\"JNAwork.com\",\"description\":\"Nasz\u0105 misj\u0105 jest Tw\u00f3j sukces\",\"potentialAction\":[{\"@type\":\"SearchAction\",\"target\":{\"@type\":\"EntryPoint\",\"urlTemplate\":\"https:\/\/jnawork.com\/en\/?s={search_term_string}\"},\"query-input\":{\"@type\":\"PropertyValueSpecification\",\"valueRequired\":true,\"valueName\":\"search_term_string\"}}],\"inLanguage\":\"en-US\"}]}<\/script>\n<!-- \/ Yoast SEO plugin. -->","yoast_head_json":{"title":"FAQ - JNAwork.com","robots":{"index":"index","follow":"follow","max-snippet":"max-snippet:-1","max-image-preview":"max-image-preview:large","max-video-preview":"max-video-preview:-1"},"canonical":"https:\/\/jnawork.com\/en\/faq\/","og_locale":"en_US","og_type":"article","og_title":"FAQ - JNAwork.com","og_description":"[vc_row][vc_column][vc_accordion][vc_accordion_tab title=&#8221;1. what documents are needed to work abroad?&#8221;][vc_column_text] identity card\/passport bank account [\/vc_column_text][\/vc_accordion_tab][vc_accordion_tab title=&#8221;2. is it legal to work through J&amp;A Work?&#8221;][vc_column_text]J&amp;A WORK is a legal agency certified by the Marshal of the Opole Province with the number 13920.[\/vc_column_text][\/vc_accordion_tab][vc_accordion_tab title=&#8221;3. is J&amp;A Work&apos;s job placement paid?&#8221;][vc_column_text]Don&#8217;t. We do not charge any fees for helping&hellip;","og_url":"https:\/\/jnawork.com\/en\/faq\/","og_site_name":"JNAwork.com","article_modified_time":"2023-11-06T17:37:50+00:00","twitter_card":"summary_large_image","twitter_misc":{"Est. reading time":"1 minute"},"schema":{"@context":"https:\/\/schema.org","@graph":[{"@type":"WebPage","@id":"https:\/\/jnawork.com\/en\/faq\/","url":"https:\/\/jnawork.com\/en\/faq\/","name":"FAQ - JNAwork.com","isPartOf":{"@id":"https:\/\/jnawork.com\/en\/#website"},"datePublished":"2023-08-11T20:11:11+00:00","dateModified":"2023-11-06T17:37:50+00:00","breadcrumb":{"@id":"https:\/\/jnawork.com\/en\/faq\/#breadcrumb"},"inLanguage":"en-US","potentialAction":[{"@type":"ReadAction","target":["https:\/\/jnawork.com\/en\/faq\/"]}]},{"@type":"BreadcrumbList","@id":"https:\/\/jnawork.com\/en\/faq\/#breadcrumb","itemListElement":[{"@type":"ListItem","position":1,"name":"Strona g\u0142\u00f3wna","item":"https:\/\/jnawork.com\/en\/jobs-in-germany-belgium-and-the-netherlands-ja-work-employment-agency\/"},{"@type":"ListItem","position":2,"name":"FAQ"}]},{"@type":"WebSite","@id":"https:\/\/jnawork.com\/en\/#website","url":"https:\/\/jnawork.com\/en\/","name":"JNAwork.com","description":"Nasz\u0105 misj\u0105 jest Tw\u00f3j sukces","potentialAction":[{"@type":"SearchAction","target":{"@type":"EntryPoint","urlTemplate":"https:\/\/jnawork.com\/en\/?s={search_term_string}"},"query-input":{"@type":"PropertyValueSpecification","valueRequired":true,"valueName":"search_term_string"}}],"inLanguage":"en-US"}]}},"_links":{"self":[{"href":"https:\/\/jnawork.com\/en\/wp-json\/wp\/v2\/pages\/880","targetHints":{"allow":["GET"]}}],"collection":[{"href":"https:\/\/jnawork.com\/en\/wp-json\/wp\/v2\/pages"}],"about":[{"href":"https:\/\/jnawork.com\/en\/wp-json\/wp\/v2\/types\/page"}],"author":[{"embeddable":true,"href":"https:\/\/jnawork.com\/en\/wp-json\/wp\/v2\/users\/1"}],"replies":[{"embeddable":true,"href":"https:\/\/jnawork.com\/en\/wp-json\/wp\/v2\/comments?post=880"}],"version-history":[{"count":2,"href":"https:\/\/jnawork.com\/en\/wp-json\/wp\/v2\/pages\/880\/revisions"}],"predecessor-version":[{"id":882,"href":"https:\/\/jnawork.com\/en\/wp-json\/wp\/v2\/pages\/880\/revisions\/882"}],"wp:attachment":[{"href":"https:\/\/jnawork.com\/en\/wp-json\/wp\/v2\/media?parent=880"}],"curies":[{"name":"wp","href":"https:\/\/api.w.org\/{rel}","templated":true}]}}